{"id":57790,"date":"2025-02-25T17:58:29","date_gmt":"2025-02-25T16:58:29","guid":{"rendered":"https:\/\/echinacoils.com\/es\/?page_id=57790"},"modified":"2025-02-25T17:58:47","modified_gmt":"2025-02-25T16:58:47","slug":"proteccion-de-datos","status":"publish","type":"page","link":"https:\/\/echinacoils.com\/es\/proteccion-de-datos\/","title":{"rendered":"Protecci\u00f3n de Datos"},"content":{"rendered":"\t\t<div data-elementor-type=\"wp-page\" data-elementor-id=\"57790\" class=\"elementor elementor-57790\" data-elementor-post-type=\"page\">\n\t\t\t\t<div class=\"elementor-element elementor-element-6a9f564c e-flex e-con-boxed e-con e-parent\" data-id=\"6a9f564c\" data-element_type=\"container\">\n\t\t\t\t\t<div class=\"e-con-inner\">\n\t\t\t\t<div class=\"elementor-element elementor-element-237ef846 elementor-widget elementor-widget-text-editor\" data-id=\"237ef846\" data-element_type=\"widget\" data-widget_type=\"text-editor.default\">\n\t\t\t\t<div class=\"elementor-widget-container\">\n\t\t\t\t\t\t\t\t\t<p>INFORMACI\u00d3N B\u00c1SICA SOBRE PROTECCI\u00d3N DE DATOS<\/p><p><strong>RESPONSABLE DE SUS DATOS<\/strong>: ACEITES ECHINAC S.A. con Domicilio en Pol\u00edgono Industrial La Marcoba, manzana 5 parcs. 7\/8, CP 18500 GUADIX (GRANADA), con CIF A 18047266. Puedes dirigirte a nosotros en el mail <a href=\"mailto:info@inmsol.com\">info@aceites-echinac.com<\/a><u>. <\/u>\u00a0Por tel\u00e9fono\u00a0en el 958 66 05 29.<\/p><p><strong>Definici\u00f3n de \u00abDatos personales<\/strong>\u00ab: \u00a0 Es aquella informaci\u00f3n que pueda servir para identificar a la persona. Entre ellos, el nombre completo, el correo electr\u00f3nico, el n\u00famero de tel\u00e9fono, la ubicaci\u00f3n exacta, la imagen de la persona, etc.<\/p><p><strong>\u00bfC\u00f3mo recogemos los datos?: <\/strong>Nos los facilita el propio cliente o proveedor. En otras ocasiones al interactuar en las redes sociales<\/p><p><strong>Finalidad: <\/strong>Los utilizamos para prestar los servicios la gesti\u00f3n propia del servicio de FABRICACION DE ACEITE solicitado o contratado con ACEITES ECHINAC S.A. \u00a0Estos datos no se ceder\u00e1n a terceros excepto para el cumplimiento de obligaciones legales, como las tributarias, y las relaciones con proveedores y colaboradores, caso de ser necesarios para el servicio contratado. Tambi\u00e9n para mantener informados de nuestros servicios, ofertas y eventos a nuestros clientes e interesados mediante el env\u00edo publicidad por cualquier medio (postal, email o tel\u00e9fono) e invitarlo a eventos organizados por la empresa<\/p><p><strong>\u00bfCu\u00e1nto tiempo conservamos los datos?<\/strong> El necesario para el cumplimiento de la relaci\u00f3n contractual y mientras que no ejerzas tu derecho de cancelaci\u00f3n, siempre que no est\u00e9n sujetos al cumplimiento de una obligaci\u00f3n legal. Caso de no ser necesarios, los eliminaremos completamente.<\/p><p><strong>\u00bfQu\u00e9 derechos puedes ejercitar? <\/strong>\u00a0Puedes\u00a0acceder, rectificar, suprimir y oponerte al tratamiento de tus datos. El consentimiento prestado para el tratamiento de tus datos puedes revocarlo en cualquier momento. Para ello debes contactar con:\u00a0 ACEITES ECHINAC S.A. con Domicilio en Pol\u00edgono Industrial La Marcoba, manzana 5 parcs. 7\/8, CP 18500 GUADIX (GRANADA)- <a href=\"mailto:info@inmsol.com\">info@aceites-echincac.com<\/a> Tel : +34 958 66 34 53 &#8211;\u00a0 Fax.: +34 958 66 34 53<\/p><p><strong>N\u00famero de registro sanitario:<\/strong>\u00a016293\/GR<\/p><p>Registro Mercantil de Granada tomo 189, General 116, Secci\u00f3n 3\u00aa, Folio 81, Hoja n\u00ba 1.955<\/p><p>\u00a0<\/p><p>\u00a0<\/p>\t\t\t\t\t\t\t\t<\/div>\n\t\t\t\t<\/div>\n\t\t\t\t\t<\/div>\n\t\t\t\t<\/div>\n\t\t\t\t<\/div>\n\t\t","protected":false},"excerpt":{"rendered":"<p>INFORMACI\u00d3N B\u00c1SICA SOBRE PROTECCI\u00d3N DE DATOS RESPONSABLE DE SUS DATOS: ACEITES ECHINAC S.A. con Domicilio en Pol\u00edgono Industrial La Marcoba, manzana 5 parcs. 7\/8, CP 18500 GUADIX (GRANADA), con CIF A 18047266. Puedes dirigirte a nosotros en el mail info@aceites-echinac.com. \u00a0Por tel\u00e9fono\u00a0en el 958 66 05 29. Definici\u00f3n de \u00abDatos personales\u00ab: \u00a0 Es aquella informaci\u00f3n&hellip;<\/p>\n","protected":false},"author":1,"featured_media":0,"parent":0,"menu_order":0,"comment_status":"closed","ping_status":"closed","template":"","meta":{"inline_featured_image":false,"footnotes":""},"class_list":["post-57790","page","type-page","status-publish","hentry"],"_links":{"self":[{"href":"https:\/\/echinacoils.com\/es\/wp-json\/wp\/v2\/pages\/57790","targetHints":{"allow":["GET"]}}],"collection":[{"href":"https:\/\/echinacoils.com\/es\/wp-json\/wp\/v2\/pages"}],"about":[{"href":"https:\/\/echinacoils.com\/es\/wp-json\/wp\/v2\/types\/page"}],"author":[{"embeddable":true,"href":"https:\/\/echinacoils.com\/es\/wp-json\/wp\/v2\/users\/1"}],"replies":[{"embeddable":true,"href":"https:\/\/echinacoils.com\/es\/wp-json\/wp\/v2\/comments?post=57790"}],"version-history":[{"count":4,"href":"https:\/\/echinacoils.com\/es\/wp-json\/wp\/v2\/pages\/57790\/revisions"}],"predecessor-version":[{"id":57794,"href":"https:\/\/echinacoils.com\/es\/wp-json\/wp\/v2\/pages\/57790\/revisions\/57794"}],"wp:attachment":[{"href":"https:\/\/echinacoils.com\/es\/wp-json\/wp\/v2\/media?parent=57790"}],"curies":[{"name":"wp","href":"https:\/\/api.w.org\/{rel}","templated":true}]}}