{"id":3,"date":"2025-01-20T17:03:36","date_gmt":"2025-01-20T16:03:36","guid":{"rendered":"https:\/\/echinacoils.com\/es\/?page_id=3"},"modified":"2025-02-25T17:57:41","modified_gmt":"2025-02-25T16:57:41","slug":"politica-privacidad","status":"publish","type":"page","link":"https:\/\/echinacoils.com\/es\/politica-privacidad\/","title":{"rendered":"Pol\u00edtica de privacidad"},"content":{"rendered":"\t\t<div data-elementor-type=\"wp-page\" data-elementor-id=\"3\" class=\"elementor elementor-3\" data-elementor-post-type=\"page\">\n\t\t\t\t<div class=\"elementor-element elementor-element-57e4b7f0 e-flex e-con-boxed e-con e-parent\" data-id=\"57e4b7f0\" data-element_type=\"container\">\n\t\t\t\t\t<div class=\"e-con-inner\">\n\t\t\t\t<div class=\"elementor-element elementor-element-28d1edbc elementor-widget elementor-widget-text-editor\" data-id=\"28d1edbc\" data-element_type=\"widget\" data-widget_type=\"text-editor.default\">\n\t\t\t\t<div class=\"elementor-widget-container\">\n\t\t\t\t\t\t\t\t\t<p>\u00a0<\/p><p>\u00a0<\/p><ol><li><strong> RESPONSABLE DEL TRATAMIENTO<\/strong><\/li><\/ol><p><strong>\u00bfQui\u00e9n es el responsable de sus datos?<\/strong><\/p><ul><li><strong>Titular<\/strong>: ACEITES ECHINAC S.A. (en adelante la EMPRESA)<\/li><li><strong>CIF<\/strong>: A 18047266<\/li><li><strong>Domicilio social<\/strong>: Polig. Industrial La Marcoba, manzana 5, Parc 7\/8 &#8211; 18500 GUADIX (GRANADA)<\/li><li><strong>Registro P\u00fablico<\/strong>:<\/li><li><strong>Tel\u00e9fono de contacto<\/strong>: + 34 958 66 05 29<\/li><\/ul><p>\u00a0<\/p><p>Delegado de Protecci\u00f3n de Datos (en adelante, <strong><em>\u00abDPO\u00bb<\/em><\/strong>):<\/p><p>Correo electr\u00f3nico: info@aceites-echinac.com<\/p><p>Web: www.aceites-echinac.com<\/p><ol><li><strong> FINALIDAD DEL TRATAMIENTO DE LOS DATOS Y CATEGOR\u00cdAS DE DATOS TRATADOS<\/strong><\/li><\/ol><p><strong>\u00bfQu\u00e9 categor\u00edas de datos tratamos?<\/strong><\/p><p>Dependiendo de la Plataforma, se \u00a0trata las siguientes categor\u00edas de datos:<\/p><ul><li>Datos identificativos: nombre, apellidos, direcci\u00f3n postal, direcci\u00f3n de correo electr\u00f3nico, c\u00f3digo postal, tel\u00e9fono.<\/li><li>Datos acad\u00e9micos y profesionales: formaci\u00f3n\/titulaciones, historial de estudiante, experiencia profesional, pertenencia a colegios o asociaciones profesionales, en el caso de los procesos de selecci\u00f3n.<\/li><li>C\u00f3digos o claves de identificaci\u00f3n de usuario.<\/li><li>Datos de tr\u00e1fico y localizaci\u00f3n.<\/li><li>Metadatos de comunicaciones electr\u00f3nicas.<\/li><li>Datos de informaci\u00f3n comercial.<\/li><li>Datos econ\u00f3micos, o financieros, bancarios<\/li><\/ul><p>Los datos personales solicitados son obligatorios, de tal forma que la negativa a suministrarlos supondr\u00e1 la imposibilidad de llevar a cabo la prestaci\u00f3n de los servicios contratados.<\/p><p>En caso de que el usuario facilite datos de terceros, manifiesta contar con el consentimiento de los mismos y se compromete a trasladarle la informaci\u00f3n contenida en esta cl\u00e1usula, eximiendo a LA EMPRESA de cualquier responsabilidad en este sentido. No obstante, LA EMPRESA podr\u00e1 llevar a cabo las verificaciones para constatar este hecho, adoptando las medidas de diligencia debida que correspondan, conforme a la normativa de protecci\u00f3n de datos.<\/p><p>Los datos que en los formularios dispuestos por LA EMPRESA a trav\u00e9s de la Plataforma aparezcan marcados con un asterisco (*), ser\u00e1n necesarios para cumplir con la finalidad contractual o legal establecida.<\/p><p>Por lo tanto, si el usuario no los facilitase, no ser\u00e1 posible su registro en la Plataforma ni atender su solicitud.<\/p><p><strong>\u00bfCon qu\u00e9 finalidad y durante cu\u00e1nto tiempo trataremos sus datos personales?<\/strong><\/p><p>LA EMPRESA, tratar\u00e1 los datos del usuario, de manera manual y\/o automatizada, para las siguientes finalidades espec\u00edficas:<\/p><ul><li>Gestionar su registro como usuario en la plataforma online propiedad de LA EMPRESA (en adelante, la <strong><em>\u201cPlataforma\u201d<\/em><\/strong>). No obstante, en todo caso el usuario deber\u00e1 verificar y validar su registro en la Plataforma mediante la introducci\u00f3n de su usuario y contrase\u00f1a a trav\u00e9s del consentimiento.<\/li><li>Gestionar la contrataci\u00f3n de productos y\/o servicios que realice a trav\u00e9s de la Plataforma, as\u00ed como la facturaci\u00f3n y entrega correspondiente.<\/li><li>Remitir peri\u00f3dicamente (a trav\u00e9s de correo electr\u00f3nico, v\u00eda postal y\/o SMS) comunicaciones electr\u00f3nicas con ofertas, promociones y noticias relacionadas con nuestra Plataforma online, salvo que se indique lo contrario o el usuario se oponga o revoque su consentimiento.<\/li><li>Remitir peri\u00f3dicamente informaci\u00f3n comercial y\/o promocional relacionada con el sector de los productos y servicios contratados a trav\u00e9s de la Plataforma y de valor a\u00f1adido para los usuarios finales, salvo que se indique lo contrario o el usuario se oponga o revoque su consentimiento.<\/li><li>Realizar informes estad\u00edsticos an\u00f3nimos respecto a los h\u00e1bitos de acceso y la actividad desarrollada por los usuarios en la Plataforma.<\/li><li>Elaborar un perfil comercial del usuario y realizar acciones comerciales ajustadas al mismo, utilizando sus datos derivados de la gesti\u00f3n de los productos adquiridos (datos de navegaci\u00f3n, h\u00e1bitos de acceso, tr\u00e1fico), salvo que se indique lo contrario o el usuario se oponga o revoque su consentimiento.<\/li><li>\u00danicamente en caso de que el usuario haya marcado la casilla correspondiente, LA EMPRESA podr\u00e1 elaborar un perfil comercial recurriendo a informaci\u00f3n facilitada por terceros y podr\u00e1 ofrecer productos y servicios de acuerdo con sus intereses, as\u00ed como mejorar su experiencia de usuario, pudiendo tomar decisiones automatizadas basadas en sus preferencias o intereses personales, la fiabilidad o el comportamiento, productos adquiridos, etc. En base a lo anterior, LA EMPRESA podr\u00e1 realizar ofertas concretas, y enviar comunicaciones comerciales adaptadas a su perfil. En todo caso, el usuario podr\u00e1 oponerse o revocar su consentimiento en cualquier momento.<\/li><li>En el caso de que nos remita su cv o se inscriba en las diferentes ofertas de trabajo que podamos publicar, trataremos sus datos con el fin de valorar y gestionar su solicitud de empleo y en su caso, llevar a cabo las actuaciones necesarias para la selecci\u00f3n y contrataci\u00f3n de personal, a fin de ofertarle puestos que se ajusten a tu perfil. Salvo que se indique lo contrario, la aportaci\u00f3n de los datos requeridos es necesaria, por lo que su no aportaci\u00f3n impedir\u00e1 la continuidad del proceso de selecci\u00f3n.<\/li><li>Dar cumplimiento a las obligaciones legalmente establecidas, as\u00ed como verificar el cumplimiento de las obligaciones contractuales, incluida la prevenci\u00f3n de fraude.<\/li><\/ul><p><strong>\u00bfCu\u00e1nto tiempo guardamos sus datos?<\/strong><\/p><p>LA EMPRESA conservar\u00e1 los datos personales de los usuarios \u00fanicamente durante el tiempo necesario para la realizaci\u00f3n de las finalidades para las que fueron recogidos, mientras no revoque los consentimientos otorgados. Posteriormente, en caso de ser necesario, mantendr\u00e1 la informaci\u00f3n bloqueada los plazos legalmente establecidos, en todo caso, el plazo : de 5 a\u00f1os, o el plazo establecido por ley para cualquier acci\u00f3n que pueda devenir del tratamiento.<\/p><p>En el caso de los datos que nos facilite en relaci\u00f3n con las ofertas de empleo en que quiera suscribirse, ser\u00e1n conservados durante, 5 a\u00f1os desde la fecha de la \u00faltima actualizaci\u00f3n. Transcurrido dicho periodo, sin que hayan sido actualizados, los datos ser\u00e1n suprimidos, salvo que nos indique lo contrario.<\/p><p><strong>\u00bfQu\u00e9 medidas de seguridad implantamos para cuidar sus datos?<\/strong><\/p><p>LA EMPRESA para proteger las diferentes tipolog\u00edas de datos reflejados en esta pol\u00edtica de privacidad llevar\u00e1 a cabo las medidas de seguridad t\u00e9cnicas necesarias para evitar su p\u00e9rdida, manipulaci\u00f3n, difusi\u00f3n o alteraci\u00f3n.<\/p><ul><li>Encriptaci\u00f3n de las comunicaciones entre el dispositivo del usuario y los servidores de LA EMPRESA<\/li><li>Encriptaci\u00f3n de la informaci\u00f3n en los propios servidores de LA EMPRESA<\/li><li>Otras medidas que eviten el acceso a los datos del usuario por parte de terceros<\/li><\/ul><p>En aquellos casos en los que LA EMPRESA cuente con prestadores de servicio para el mantenimiento de la plataforma que se encuentren fuera de la Uni\u00f3n Europea, estas trasferencias internacionales se hayan regularizadas atendiendo al compromiso de LA EMPRESA \u00a0con la protecci\u00f3n, integridad y seguridad de los datos personales de los clientes.<\/p><p><strong>III. LEGITIMACI\u00d3N<\/strong><\/p><p><strong>\u00bfCu\u00e1l es la legitimaci\u00f3n para el tratamiento de sus datos?<\/strong><\/p><p>La legitimaci\u00f3n para el tratamiento de los datos del usuario por parte de LA EMPRESA para llevar a cabo el alta y registro del usuario en la Plataforma se encuentra en el <strong>consentimiento del interesado<\/strong>, solicitado para el caso concreto.<\/p><p>Por su parte, la gesti\u00f3n de la contrataci\u00f3n de productos o servicios a trav\u00e9s de la Plataforma, pago, facturaci\u00f3n y env\u00edos correspondientes, est\u00e1 legitimada por la propia <strong>ejecuci\u00f3n del contrato<\/strong>.<\/p><p>El tratamiento de los datos con el fin de remitir boletines electr\u00f3nicos con ofertas, promociones y noticias relacionadas con nuestra Plataforma, informaci\u00f3n comercial y\/o promocional, la elaboraci\u00f3n de informes estad\u00edsticos an\u00f3nimos respecto a los h\u00e1bitos de acceso y la actividad desarrollada por los usuarios en la web y la elaboraci\u00f3n de perfiles comerciales utilizando datos derivados de la gesti\u00f3n de los productos y servicios contratados con LA EMPRESA, se basan en el <strong>inter\u00e9s leg\u00edtimo<\/strong> de LA EMPRESA para llevar a cabo dichos tratamientos de acuerdo con la normativa vigente.<\/p><p>Los consentimientos obtenidos para las finalidades mencionadas son independientes por lo que el usuario podr\u00e1 revocar uno o varios de ellos no afectando a los dem\u00e1s.<\/p><p>Igualmente se podr\u00e1 utilizar la informaci\u00f3n del usuario para el cumplimiento de las diferentes obligaciones legales de LA EMPRESA.<\/p><p>En el caso de la inscripci\u00f3n en ofertas de empleo publicadas, sus datos ser\u00e1n tratados sobre la base de su consentimiento, que puede retirar en cualquier momento, si bien ello har\u00eda que su candidatura no pudiera ser tenida en cuenta en nuestros procesos de selecci\u00f3n de personal. No obstante, la retirada de su consentimiento no afectar\u00e1 a la licitud de los tratamientos efectuados con anterioridad.<\/p><ol><li><strong> COMUNICACIONES DE DATOS<\/strong><\/li><\/ol><p><strong>\u00bfA qu\u00e9 destinatarios se comunicar\u00e1n tus datos?<\/strong><\/p><ul><li>Las Fuerzas y Cuerpos de Seguridad del Estado en virtud de lo establecido en la Ley.<\/li><li>Los Bancos y entidades financieras para el cobro de los servicios ofrecidos.<\/li><\/ul><ol><li><strong> OTROS DATOS QUE TRATAMOS<\/strong><\/li><\/ol><p>Dentro del compromiso de LA EMPRESA con la privacidad y protecci\u00f3n de los datos de las personas, te informamos de otros tratamientos de datos que pueden llevarse a cabo, en el marco de la relaci\u00f3n con los clientes, concretamente, en relaci\u00f3n con los servicios de atenci\u00f3n telef\u00f3nica.<\/p><p>En este sentido, LA EMPRESA tratar\u00e1 sus datos con la finalidad de mejorar la calidad de nuestros servicios, as\u00ed como gestionar la solicitud formulada y proporcionarle, en su caso, los servicios que hayan sido requeridos. Si lo desea, puede contactar con nosotros, a trav\u00e9s de los n\u00fameros de tel\u00e9fono habilitados al efecto, la base jur\u00eddica del tratamiento ser\u00e1 la adopci\u00f3n de medidas precontractuales o el desarrollo de la propia relaci\u00f3n contractual, as\u00ed como, en determinados casos su propio consentimiento<\/p><p>El tratamiento de datos de grabaci\u00f3n de llamadas est\u00e1 basado en los intereses leg\u00edtimos de LA EMPRESA y, en particular, en la necesidad de detectar y mejorar la atenci\u00f3n proporcionada por medio del canal telef\u00f3nico. El tratamiento de datos para la atenci\u00f3n de sus solicitudes.<\/p><p>Igualmente le informamos que nuestras tiendas cuentan con un sistema de LA EMPRESA, cuya funci\u00f3n es garantizar la seguridad de las personas e instalaciones. Le recordamos que la normativa vigente legitima el tratamiento efectuado sobre la base del inter\u00e9s leg\u00edtimo de LA EMPRESA \u00a0en garantizar la seguridad de las instalaciones, por lo que su imagen puede ser grabada con el mero hecho de acceder al edificio.<\/p><p>Estos datos podr\u00e1n ser comunicados a las Fuerzas y cuerpos de Seguridad del Estado en caso de que resulte necesario. Las im\u00e1genes ser\u00e1n custodiadas durante el plazo m\u00e1ximo de un (1) mes desde su captaci\u00f3n.<\/p><ol><li><strong> DERECHOS DE LOS USUARIOS<\/strong><\/li><\/ol><p><strong>\u00bfQu\u00e9 derechos tiene el interesado?<\/strong><\/p><p>Puede enviarnos un escrito a JOSE MARTIN GARICAen Avda. Buenos Aires, 48 18500 GUADIX (GRANADA). En cualquier momento y de manera gratuita, los siguientes derechos:<\/p><ul><li>Revocar los consentimientos otorgados.<\/li><li>Obtener confirmaci\u00f3n acerca de si en LA EMPRESA se est\u00e1n tratando datos personales que le conciernen o no.<\/li><li>Acceder a sus datos personales.<\/li><li>Rectificar los datos inexactos o incompletos.<\/li><li>Solicitar la supresi\u00f3n de sus datos cuando, entre otros motivos, los datos ya no sean necesarios para los fines que fueron recogidos.<\/li><li>Obtener de LA EMPRESA la limitaci\u00f3n del tratamiento de los datos cuando se cumpla alguna de las condiciones previstas en la normativa de protecci\u00f3n de datos.<\/li><li>En determinadas circunstancias y por motivos relacionados con su situaci\u00f3n particular al tratamiento de sus datos, los interesados podr\u00e1n oponerse al tratamiento de sus datos. LA EMPRESA dejar\u00e1 de tratar los datos, salvo por motivos leg\u00edtimos imperiosos, o el ejercicio o la defensa de posibles reclamaciones.<\/li><li>Obtener intervenci\u00f3n humana, a expresar su punto de vista y a impugnar las decisiones automatizadas a adoptadas por parte de LA EMPRESA, en su caso.<\/li><li>Solicitar la portabilidad de sus datos.<\/li><li>Reclamar ante la Agencia Espa\u00f1ola de Protecci\u00f3n de Datos (<a href=\"http:\/\/www.agpd.es\/\">agpd.es<\/a>) cuando el interesado considere que LA EMPRESA ha vulnerado los derechos que le son reconocidos por la normativa aplicable en protecci\u00f3n de datos.<\/li><\/ul>\t\t\t\t\t\t\t\t<\/div>\n\t\t\t\t<\/div>\n\t\t\t\t\t<\/div>\n\t\t\t\t<\/div>\n\t\t\t\t<\/div>\n\t\t","protected":false},"excerpt":{"rendered":"<p>\u00a0 \u00a0 RESPONSABLE DEL TRATAMIENTO \u00bfQui\u00e9n es el responsable de sus datos? Titular: ACEITES ECHINAC S.A. (en adelante la EMPRESA) CIF: A 18047266 Domicilio social: Polig. Industrial La Marcoba, manzana 5, Parc 7\/8 &#8211; 18500 GUADIX (GRANADA) Registro P\u00fablico: Tel\u00e9fono de contacto: + 34 958 66 05 29 \u00a0 Delegado de Protecci\u00f3n de Datos (en&hellip;<\/p>\n","protected":false},"author":1,"featured_media":0,"parent":0,"menu_order":0,"comment_status":"closed","ping_status":"open","template":"","meta":{"inline_featured_image":false,"footnotes":""},"class_list":["post-3","page","type-page","status-publish","hentry"],"_links":{"self":[{"href":"https:\/\/echinacoils.com\/es\/wp-json\/wp\/v2\/pages\/3","targetHints":{"allow":["GET"]}}],"collection":[{"href":"https:\/\/echinacoils.com\/es\/wp-json\/wp\/v2\/pages"}],"about":[{"href":"https:\/\/echinacoils.com\/es\/wp-json\/wp\/v2\/types\/page"}],"author":[{"embeddable":true,"href":"https:\/\/echinacoils.com\/es\/wp-json\/wp\/v2\/users\/1"}],"replies":[{"embeddable":true,"href":"https:\/\/echinacoils.com\/es\/wp-json\/wp\/v2\/comments?post=3"}],"version-history":[{"count":4,"href":"https:\/\/echinacoils.com\/es\/wp-json\/wp\/v2\/pages\/3\/revisions"}],"predecessor-version":[{"id":57789,"href":"https:\/\/echinacoils.com\/es\/wp-json\/wp\/v2\/pages\/3\/revisions\/57789"}],"wp:attachment":[{"href":"https:\/\/echinacoils.com\/es\/wp-json\/wp\/v2\/media?parent=3"}],"curies":[{"name":"wp","href":"https:\/\/api.w.org\/{rel}","templated":true}]}}